{"id":2571,"date":"2021-05-11T20:09:27","date_gmt":"2021-05-11T20:09:27","guid":{"rendered":"https:\/\/luxplast.rs\/?page_id=2571"},"modified":"2021-05-11T20:12:45","modified_gmt":"2021-05-11T20:12:45","slug":"pvc-balkonska-vrata","status":"publish","type":"page","link":"https:\/\/luxplast.rs\/en\/pvc-balkonska-vrata\/","title":{"rendered":"PVC balkonska vrata"},"content":{"rendered":"<div data-elementor-type=\"wp-page\" data-elementor-id=\"2571\" class=\"elementor elementor-2571\">\n\t\t\t\t\t\t<section class=\"elementor-section elementor-top-section elementor-element elementor-element-44e0a4f3 elementor-section-boxed elementor-section-height-default elementor-section-height-default\" data-id=\"44e0a4f3\" data-element_type=\"section\" data-e-type=\"section\" data-settings=\"{&quot;background_background&quot;:&quot;classic&quot;}\">\n\t\t\t\t\t\t\t<div class=\"elementor-background-overlay\"><\/div>\n\t\t\t\t\t\t\t<div class=\"elementor-container elementor-column-gap-no\">\n\t\t\t\t\t<div class=\"elementor-column elementor-col-100 elementor-top-column elementor-element elementor-element-14661df6\" data-id=\"14661df6\" data-element_type=\"column\" data-e-type=\"column\" data-settings=\"{&quot;background_background&quot;:&quot;classic&quot;}\">\n\t\t\t<div class=\"elementor-widget-wrap elementor-element-populated\">\n\t\t\t\t\t\t<div class=\"elementor-element elementor-element-6d87fec elementor-widget elementor-widget-heading\" data-id=\"6d87fec\" data-element_type=\"widget\" data-e-type=\"widget\" data-widget_type=\"heading.default\">\n\t\t\t\t<div class=\"elementor-widget-container\">\n\t\t\t\t\t<h1 class=\"elementor-heading-title elementor-size-default\">PVC balkonska vrata<\/h1>\t\t\t\t<\/div>\n\t\t\t\t<\/div>\n\t\t\t\t\t<\/div>\n\t\t<\/div>\n\t\t\t\t\t<\/div>\n\t\t<\/section>\n\t\t\t\t<section class=\"elementor-section elementor-top-section elementor-element elementor-element-48bdf6c5 elementor-section-boxed elementor-section-height-default elementor-section-height-default\" data-id=\"48bdf6c5\" data-element_type=\"section\" data-e-type=\"section\">\n\t\t\t\t\t\t<div class=\"elementor-container elementor-column-gap-no\">\n\t\t\t\t\t<div class=\"elementor-column elementor-col-50 elementor-top-column elementor-element elementor-element-754255c4\" data-id=\"754255c4\" data-element_type=\"column\" data-e-type=\"column\">\n\t\t\t<div class=\"elementor-widget-wrap elementor-element-populated\">\n\t\t\t\t\t\t<div class=\"elementor-element elementor-element-21b5ff3f elementor-widget elementor-widget-image\" data-id=\"21b5ff3f\" data-element_type=\"widget\" data-e-type=\"widget\" data-widget_type=\"image.default\">\n\t\t\t\t<div class=\"elementor-widget-container\">\n\t\t\t\t\t\t\t\t\t\t\t\t\t\t\t<img fetchpriority=\"high\" decoding=\"async\" width=\"512\" height=\"384\" src=\"https:\/\/luxplast.rs\/\/wp-content\/uploads\/2021\/05\/pvc-balkonska-vrata.jpg\" class=\"attachment-full size-full wp-image-2573\" alt=\"\" srcset=\"https:\/\/luxplast.rs\/\/wp-content\/uploads\/2021\/05\/pvc-balkonska-vrata.jpg 512w, https:\/\/luxplast.rs\/\/wp-content\/uploads\/2021\/05\/pvc-balkonska-vrata-300x225.jpg 300w\" sizes=\"(max-width: 512px) 100vw, 512px\" \/>\t\t\t\t\t\t\t\t\t\t\t\t\t\t\t<\/div>\n\t\t\t\t<\/div>\n\t\t\t\t\t<\/div>\n\t\t<\/div>\n\t\t\t\t<div class=\"elementor-column elementor-col-50 elementor-top-column elementor-element elementor-element-682fb4ff\" data-id=\"682fb4ff\" data-element_type=\"column\" data-e-type=\"column\">\n\t\t\t<div class=\"elementor-widget-wrap elementor-element-populated\">\n\t\t\t\t\t\t<div class=\"elementor-element elementor-element-73404ffa elementor-widget-divider--view-line elementor-widget elementor-widget-divider\" data-id=\"73404ffa\" data-element_type=\"widget\" data-e-type=\"widget\" data-widget_type=\"divider.default\">\n\t\t\t\t<div class=\"elementor-widget-container\">\n\t\t\t\t\t\t\t<div class=\"elementor-divider\">\n\t\t\t<span class=\"elementor-divider-separator\">\n\t\t\t\t\t\t<\/span>\n\t\t<\/div>\n\t\t\t\t\t\t<\/div>\n\t\t\t\t<\/div>\n\t\t\t\t<div class=\"elementor-element elementor-element-5f328a89 elementor-widget elementor-widget-text-editor\" data-id=\"5f328a89\" data-element_type=\"widget\" data-e-type=\"widget\" data-widget_type=\"text-editor.default\">\n\t\t\t\t<div class=\"elementor-widget-container\">\n\t\t\t\t\t\t\t\t\t<p>Zastupljenost PVC stolarije je iz godine u godinu sve ve\u0107a. Razlog za to su brojne pogodnosti koje ona nudi pra\u0107ene niskom cenom i dobrim kvalitetom.<\/p><p>JEDNOKRILNA PVC VRATA, DVOKRILNA PVC VRATA SA PRE\u010cKOM, DVOKRILNA PVC VRATA BEZ PRE\u010cKE.<\/p><p>Pored osnovnih karakteristika, PVC balkonska vrata mogu imati specijalne karakteristike u koje spadaju zaklju\u010davanje, otvaranje spolja i iznutra, ugr\u0111en sigurnosni sistem za zaklu\u010davanje itd.<\/p><p>PVC balkonska vrata mogu imati i spoljno otvaranje i zaklju\u010davanje na cilindar a\u00a0 postoji mogu\u0107nost da se balkonska vrata otvaraju prema unutra i prema spolja.<\/p><p>Uz ova vrata mo\u017eete izabrati PVC roletne i\/ili PVC komarnik, kao i sve varijante stakala koje nudimo.<\/p><p><strong>Profili PVC stolarije mogu biti u raznim varijantama boja iz na\u0161e ponude.<\/strong><\/p>\t\t\t\t\t\t\t\t<\/div>\n\t\t\t\t<\/div>\n\t\t\t\t\t<\/div>\n\t\t<\/div>\n\t\t\t\t\t<\/div>\n\t\t<\/section>\n\t\t\t\t<section class=\"elementor-section elementor-top-section elementor-element elementor-element-4e6117a7 elementor-section-boxed elementor-section-height-default elementor-section-height-default\" data-id=\"4e6117a7\" data-element_type=\"section\" data-e-type=\"section\" data-settings=\"{&quot;background_background&quot;:&quot;classic&quot;}\">\n\t\t\t\t\t\t<div class=\"elementor-container elementor-column-gap-default\">\n\t\t\t\t\t<div class=\"elementor-column elementor-col-100 elementor-top-column elementor-element elementor-element-77f54f6b\" data-id=\"77f54f6b\" data-element_type=\"column\" data-e-type=\"column\" data-settings=\"{&quot;background_background&quot;:&quot;classic&quot;}\">\n\t\t\t<div class=\"elementor-widget-wrap elementor-element-populated\">\n\t\t\t\t\t\t<div class=\"elementor-element elementor-element-68012bea elementor-widget elementor-widget-heading\" data-id=\"68012bea\" data-element_type=\"widget\" data-e-type=\"widget\" data-widget_type=\"heading.default\">\n\t\t\t\t<div class=\"elementor-widget-container\">\n\t\t\t\t\t<h2 class=\"elementor-heading-title elementor-size-default\">PVC profili<\/h2>\t\t\t\t<\/div>\n\t\t\t\t<\/div>\n\t\t\t\t<div class=\"elementor-element elementor-element-31010b73 elementor-widget-divider--view-line elementor-widget elementor-widget-divider\" data-id=\"31010b73\" data-element_type=\"widget\" data-e-type=\"widget\" data-widget_type=\"divider.default\">\n\t\t\t\t<div class=\"elementor-widget-container\">\n\t\t\t\t\t\t\t<div class=\"elementor-divider\">\n\t\t\t<span class=\"elementor-divider-separator\">\n\t\t\t\t\t\t<\/span>\n\t\t<\/div>\n\t\t\t\t\t\t<\/div>\n\t\t\t\t<\/div>\n\t\t\t\t<div class=\"elementor-element elementor-element-5b83a532 elementor-widget elementor-widget-text-editor\" data-id=\"5b83a532\" data-element_type=\"widget\" data-e-type=\"widget\" data-widget_type=\"text-editor.default\">\n\t\t\t\t<div class=\"elementor-widget-container\">\n\t\t\t\t\t\t\t\t\t<p style=\"text-align: center;\">PVC profili se odlikuju velikom energetskom efikasno\u0161\u0107u, izuzetnim kvalitetom, \u0161iroke palete boja, jednostavnog odr\u017eavanja i dugog veka trajanja.<\/p>\t\t\t\t\t\t\t\t<\/div>\n\t\t\t\t<\/div>\n\t\t\t\t<div class=\"elementor-element elementor-element-2e9b7cf anwp-pg-widget-header-style--a elementor-arrows-position-outside anwp-pg-post-teaser__post-icon--size-16 elementor-pagination-position-outside elementor-widget elementor-widget-anwp-pg-simple-slider\" data-id=\"2e9b7cf\" data-element_type=\"widget\" data-e-type=\"widget\" data-widget_type=\"anwp-pg-simple-slider.default\">\n\t\t\t\t<div class=\"elementor-widget-container\">\n\t\t\t\t\t<div class=\"anwp-pg-wrap\">\n\n\t\n\t<!-- Slider main container -->\n\t<div\n\t\tclass=\"anwp-pg-simple-slider anwp-pg-swiper-wrapper position-relative swiper swiper-container anwp-pg-no-transform\"\n\t\tdata-pg-slides-per-view=\"4\"\n\t\tdata-pg-slides-per-view-mobile=\"1\"\n\t\tdata-pg-slides-per-view-tablet=\"2\"\n\t\tdata-pg-slides-per-group=\"1\"\n\t\tdata-pg-slides-per-group-mobile=\"1\"\n\t\tdata-pg-slides-per-group-tablet=\"1\"\n\t\tdata-pg-autoplay=\"yes\"\n\t\tdata-pg-autoplay-delay=\"5000\"\n\t\tdata-pg-space-between=\"20\"\n\t\tdata-pg-effect=\"slide\"\n\t\tdata-pg-enable-observer=\"no\"\n\t\tdata-pg-loop=\"no\"\n\t\tdir=\"ltr\"\n\t>\n\t\t<!-- Additional required wrapper -->\n\t\t<div class=\"swiper-wrapper\">\n\t\t\t<!-- Slides -->\n\t\t\t<div class=\"anwp-pg-post-teaser anwp-pg-post-teaser--layout-a swiper-slide\">\n\t<div class=\"anwp-pg-post-teaser__thumbnail position-relative\">\n\n\t\t\n\t\t\t\t\t<img loading=\"lazy\" class=\"anwp-pg-post-teaser__thumbnail-img d-block anwp-pg-height-280 anwp-object-cover m-0 w-100\"\n\t\t\t\talt=\"KMG profil\"\n\t\t\t\tsrc=\"https:\/\/luxplast.rs\/\/wp-content\/uploads\/2021\/05\/kmggg.jpg\" \/>\n\t\t\n\t\t<div class=\"anwp-pg-post-teaser__muted_bg\"><\/div>\n\t\t<div class=\"anwp-pg-post-teaser__thumbnail-bg anwp-position-cover\"><\/div>\n\n\t\t<div class=\"anwp-pg-post-teaser__content d-flex flex-column anwp-position-cover\">\n\t\t\t<div class=\"anwp-pg-post-teaser__top-meta d-flex mb-2\">\n\t\t\t\t\t\t\t<\/div>\n\n\t\t\t\n\t\t\t<div class=\"anwp-pg-post-teaser__title anwp-font-heading mt-auto mb-1\">\n\t\t\t\tKMG profil\t\t\t<\/div>\n\n\t\t\t\t\t\t\t<div class=\"mb-2\"><\/div>\n\t\t\t\t\t<\/div>\n\n\t\t<a class=\"anwp-position-cover anwp-link-without-effects\" href=\"https:\/\/luxplast.rs\/en\/kmg-profil\/\" aria-hidden=\"true\" ><\/a>\n\t<\/div>\n<\/div>\n<div class=\"anwp-pg-post-teaser anwp-pg-post-teaser--layout-a swiper-slide\">\n\t<div class=\"anwp-pg-post-teaser__thumbnail position-relative\">\n\n\t\t\n\t\t\t\t\t<img loading=\"lazy\" class=\"anwp-pg-post-teaser__thumbnail-img d-block anwp-pg-height-280 anwp-object-cover m-0 w-100\"\n\t\t\t\talt=\"Rehau GENEO\"\n\t\t\t\tsrc=\"https:\/\/luxplast.rs\/\/wp-content\/uploads\/2021\/05\/geneo-profil.jpg\" \/>\n\t\t\n\t\t<div class=\"anwp-pg-post-teaser__muted_bg\"><\/div>\n\t\t<div class=\"anwp-pg-post-teaser__thumbnail-bg anwp-position-cover\"><\/div>\n\n\t\t<div class=\"anwp-pg-post-teaser__content d-flex flex-column anwp-position-cover\">\n\t\t\t<div class=\"anwp-pg-post-teaser__top-meta d-flex mb-2\">\n\t\t\t\t\t\t\t<\/div>\n\n\t\t\t\n\t\t\t<div class=\"anwp-pg-post-teaser__title anwp-font-heading mt-auto mb-1\">\n\t\t\t\tRehau GENEO\t\t\t<\/div>\n\n\t\t\t\t\t\t\t<div class=\"mb-2\"><\/div>\n\t\t\t\t\t<\/div>\n\n\t\t<a class=\"anwp-position-cover anwp-link-without-effects\" href=\"https:\/\/luxplast.rs\/en\/rehau-geneo\/\" aria-hidden=\"true\" ><\/a>\n\t<\/div>\n<\/div>\n<div class=\"anwp-pg-post-teaser anwp-pg-post-teaser--layout-a swiper-slide\">\n\t<div class=\"anwp-pg-post-teaser__thumbnail position-relative\">\n\n\t\t\n\t\t\t\t\t<img loading=\"lazy\" class=\"anwp-pg-post-teaser__thumbnail-img d-block anwp-pg-height-280 anwp-object-cover m-0 w-100\"\n\t\t\t\talt=\"REHAU Synego\"\n\t\t\t\tsrc=\"https:\/\/luxplast.rs\/\/wp-content\/uploads\/2021\/05\/REHAU-Synego-1.jpg\" \/>\n\t\t\n\t\t<div class=\"anwp-pg-post-teaser__muted_bg\"><\/div>\n\t\t<div class=\"anwp-pg-post-teaser__thumbnail-bg anwp-position-cover\"><\/div>\n\n\t\t<div class=\"anwp-pg-post-teaser__content d-flex flex-column anwp-position-cover\">\n\t\t\t<div class=\"anwp-pg-post-teaser__top-meta d-flex mb-2\">\n\t\t\t\t\t\t\t<\/div>\n\n\t\t\t\n\t\t\t<div class=\"anwp-pg-post-teaser__title anwp-font-heading mt-auto mb-1\">\n\t\t\t\tREHAU Synego\t\t\t<\/div>\n\n\t\t\t\t\t\t\t<div class=\"mb-2\"><\/div>\n\t\t\t\t\t<\/div>\n\n\t\t<a class=\"anwp-position-cover anwp-link-without-effects\" href=\"https:\/\/luxplast.rs\/en\/rehau-synego\/\" aria-hidden=\"true\" ><\/a>\n\t<\/div>\n<\/div>\n<div class=\"anwp-pg-post-teaser anwp-pg-post-teaser--layout-a swiper-slide\">\n\t<div class=\"anwp-pg-post-teaser__thumbnail position-relative\">\n\n\t\t\n\t\t\t\t\t<img loading=\"lazy\" class=\"anwp-pg-post-teaser__thumbnail-img d-block anwp-pg-height-280 anwp-object-cover m-0 w-100\"\n\t\t\t\talt=\"Rehau EURO 70\"\n\t\t\t\tsrc=\"https:\/\/luxplast.rs\/\/wp-content\/uploads\/2021\/05\/rehau-euro-70-1.jpg\" \/>\n\t\t\n\t\t<div class=\"anwp-pg-post-teaser__muted_bg\"><\/div>\n\t\t<div class=\"anwp-pg-post-teaser__thumbnail-bg anwp-position-cover\"><\/div>\n\n\t\t<div class=\"anwp-pg-post-teaser__content d-flex flex-column anwp-position-cover\">\n\t\t\t<div class=\"anwp-pg-post-teaser__top-meta d-flex mb-2\">\n\t\t\t\t\t\t\t<\/div>\n\n\t\t\t\n\t\t\t<div class=\"anwp-pg-post-teaser__title anwp-font-heading mt-auto mb-1\">\n\t\t\t\tRehau EURO 70\t\t\t<\/div>\n\n\t\t\t\t\t\t\t<div class=\"mb-2\"><\/div>\n\t\t\t\t\t<\/div>\n\n\t\t<a class=\"anwp-position-cover anwp-link-without-effects\" href=\"https:\/\/luxplast.rs\/en\/rehau-euro-70\/\" aria-hidden=\"true\" ><\/a>\n\t<\/div>\n<\/div>\n\t\t<\/div>\n\n\t\t\t\t\t\t\t\t\t<div class=\"swiper-pagination\"><\/div>\n\t\t\t\t\t\t\t\t\t\t<div class=\"elementor-swiper-button elementor-swiper-button-prev\">\n\t\t\t\t\t<svg class=\"anwp-pg-icon anwp-pg-icon--feather anwp-pg-icon--s28\">\n\t\t\t\t\t\t<use xlink:href=\"#icon-anwp-pg-chevron-left\"><\/use>\n\t\t\t\t\t<\/svg>\n\t\t\t\t\t<span class=\"elementor-screen-only\">Previous<\/span>\n\t\t\t\t<\/div>\n\t\t\t\t<div class=\"elementor-swiper-button elementor-swiper-button-next\">\n\t\t\t\t\t<svg class=\"anwp-pg-icon anwp-pg-icon--feather anwp-pg-icon--s28\">\n\t\t\t\t\t\t<use xlink:href=\"#icon-anwp-pg-chevron-right\"><\/use>\n\t\t\t\t\t<\/svg>\n\t\t\t\t\t<span class=\"elementor-screen-only\">Next<\/span>\n\t\t\t\t<\/div>\n\t\t\t\t\t\t<\/div>\n<\/div>\n\t\t\t\t<\/div>\n\t\t\t\t<\/div>\n\t\t\t\t\t<\/div>\n\t\t<\/div>\n\t\t\t\t\t<\/div>\n\t\t<\/section>\n\t\t\t\t<\/div>","protected":false},"excerpt":{"rendered":"<p>PVC balkonska vrata Zastupljenost PVC stolarije je iz godine u godinu sve ve\u0107a. Razlog za to su brojne pogodnosti koje ona nudi pra\u0107ene niskom cenom i dobrim kvalitetom. JEDNOKRILNA PVC VRATA, DVOKRILNA PVC VRATA SA PRE\u010cKOM, DVOKRILNA PVC VRATA BEZ PRE\u010cKE. Pored osnovnih karakteristika, PVC balkonska vrata mogu imati specijalne karakteristike u koje spadaju zaklju\u010davanje, [&hellip;]<\/p>\n","protected":false},"author":1,"featured_media":0,"parent":0,"menu_order":0,"comment_status":"closed","ping_status":"closed","template":"","meta":{"site-sidebar-layout":"no-sidebar","site-content-layout":"page-builder","ast-site-content-layout":"default","site-content-style":"default","site-sidebar-style":"default","ast-global-header-display":"","ast-banner-title-visibility":"","ast-main-header-display":"","ast-hfb-above-header-display":"","ast-hfb-below-header-display":"","ast-hfb-mobile-header-display":"","site-post-title":"disabled","ast-breadcrumbs-content":"","ast-featured-img":"disabled","footer-sml-layout":"","theme-transparent-header-meta":"default","adv-header-id-meta":"","stick-header-meta":"","header-above-stick-meta":"","header-main-stick-meta":"","header-below-stick-meta":"","astra-migrate-meta-layouts":"default","ast-page-background-enabled":"default","ast-page-background-meta":{"desktop":{"background-color":"","background-image":"","background-repeat":"repeat","background-position":"center center","background-size":"auto","background-attachment":"scroll","background-type":"","background-media":"","overlay-type":"","overlay-color":"","overlay-opacity":"","overlay-gradient":""},"tablet":{"background-color":"","background-image":"","background-repeat":"repeat","background-position":"center center","background-size":"auto","background-attachment":"scroll","background-type":"","background-media":"","overlay-type":"","overlay-color":"","overlay-opacity":"","overlay-gradient":""},"mobile":{"background-color":"","background-image":"","background-repeat":"repeat","background-position":"center center","background-size":"auto","background-attachment":"scroll","background-type":"","background-media":"","overlay-type":"","overlay-color":"","overlay-opacity":"","overlay-gradient":""}},"ast-content-background-meta":{"desktop":{"background-color":"var(--ast-global-color-5)","background-image":"","background-repeat":"repeat","background-position":"center center","background-size":"auto","background-attachment":"scroll","background-type":"","background-media":"","overlay-type":"","overlay-color":"","overlay-opacity":"","overlay-gradient":""},"tablet":{"background-color":"var(--ast-global-color-5)","background-image":"","background-repeat":"repeat","background-position":"center center","background-size":"auto","background-attachment":"scroll","background-type":"","background-media":"","overlay-type":"","overlay-color":"","overlay-opacity":"","overlay-gradient":""},"mobile":{"background-color":"var(--ast-global-color-5)","background-image":"","background-repeat":"repeat","background-position":"center center","background-size":"auto","background-attachment":"scroll","background-type":"","background-media":"","overlay-type":"","overlay-color":"","overlay-opacity":"","overlay-gradient":""}},"footnotes":""},"class_list":["post-2571","page","type-page","status-publish","hentry"],"_links":{"self":[{"href":"https:\/\/luxplast.rs\/en\/wp-json\/wp\/v2\/pages\/2571","targetHints":{"allow":["GET"]}}],"collection":[{"href":"https:\/\/luxplast.rs\/en\/wp-json\/wp\/v2\/pages"}],"about":[{"href":"https:\/\/luxplast.rs\/en\/wp-json\/wp\/v2\/types\/page"}],"author":[{"embeddable":true,"href":"https:\/\/luxplast.rs\/en\/wp-json\/wp\/v2\/users\/1"}],"replies":[{"embeddable":true,"href":"https:\/\/luxplast.rs\/en\/wp-json\/wp\/v2\/comments?post=2571"}],"version-history":[{"count":7,"href":"https:\/\/luxplast.rs\/en\/wp-json\/wp\/v2\/pages\/2571\/revisions"}],"predecessor-version":[{"id":2579,"href":"https:\/\/luxplast.rs\/en\/wp-json\/wp\/v2\/pages\/2571\/revisions\/2579"}],"wp:attachment":[{"href":"https:\/\/luxplast.rs\/en\/wp-json\/wp\/v2\/media?parent=2571"}],"curies":[{"name":"wp","href":"https:\/\/api.w.org\/{rel}","templated":true}]}}