{"id":2794,"date":"2021-06-07T07:03:01","date_gmt":"2021-06-07T07:03:01","guid":{"rendered":"https:\/\/luxplast.rs\/?page_id=2794"},"modified":"2021-06-07T07:19:36","modified_gmt":"2021-06-07T07:19:36","slug":"alu-klizna-vrata","status":"publish","type":"page","link":"https:\/\/luxplast.rs\/en\/alu-klizna-vrata\/","title":{"rendered":"ALU klizna vrata"},"content":{"rendered":"<div data-elementor-type=\"wp-page\" data-elementor-id=\"2794\" class=\"elementor elementor-2794\">\n\t\t\t\t\t\t<section class=\"elementor-section elementor-top-section elementor-element elementor-element-3c1999ce elementor-section-boxed elementor-section-height-default elementor-section-height-default\" data-id=\"3c1999ce\" data-element_type=\"section\" data-e-type=\"section\" data-settings=\"{&quot;background_background&quot;:&quot;classic&quot;}\">\n\t\t\t\t\t\t\t<div class=\"elementor-background-overlay\"><\/div>\n\t\t\t\t\t\t\t<div class=\"elementor-container elementor-column-gap-no\">\n\t\t\t\t\t<div class=\"elementor-column elementor-col-100 elementor-top-column elementor-element elementor-element-297e8ba5\" data-id=\"297e8ba5\" data-element_type=\"column\" data-e-type=\"column\" data-settings=\"{&quot;background_background&quot;:&quot;classic&quot;}\">\n\t\t\t<div class=\"elementor-widget-wrap elementor-element-populated\">\n\t\t\t\t\t\t<div class=\"elementor-element elementor-element-7cc49d2f elementor-widget elementor-widget-heading\" data-id=\"7cc49d2f\" data-element_type=\"widget\" data-e-type=\"widget\" data-widget_type=\"heading.default\">\n\t\t\t\t<div class=\"elementor-widget-container\">\n\t\t\t\t\t<h1 class=\"elementor-heading-title elementor-size-default\">ALU klizna vrata<\/h1>\t\t\t\t<\/div>\n\t\t\t\t<\/div>\n\t\t\t\t\t<\/div>\n\t\t<\/div>\n\t\t\t\t\t<\/div>\n\t\t<\/section>\n\t\t\t\t<section class=\"elementor-section elementor-top-section elementor-element elementor-element-3a863d98 elementor-section-boxed elementor-section-height-default elementor-section-height-default\" data-id=\"3a863d98\" data-element_type=\"section\" data-e-type=\"section\">\n\t\t\t\t\t\t<div class=\"elementor-container elementor-column-gap-no\">\n\t\t\t\t\t<div class=\"elementor-column elementor-col-50 elementor-top-column elementor-element elementor-element-282a7d1c\" data-id=\"282a7d1c\" data-element_type=\"column\" data-e-type=\"column\">\n\t\t\t<div class=\"elementor-widget-wrap elementor-element-populated\">\n\t\t\t\t\t\t<div class=\"elementor-element elementor-element-79c6d09f elementor-widget elementor-widget-image\" data-id=\"79c6d09f\" data-element_type=\"widget\" data-e-type=\"widget\" data-widget_type=\"image.default\">\n\t\t\t\t<div class=\"elementor-widget-container\">\n\t\t\t\t\t\t\t\t\t\t\t\t\t\t\t<img fetchpriority=\"high\" decoding=\"async\" width=\"1280\" height=\"1280\" src=\"https:\/\/luxplast.rs\/\/wp-content\/uploads\/2021\/06\/FB_IMG_1623016901825-1.jpg\" class=\"attachment-full size-full wp-image-2828\" alt=\"\" srcset=\"https:\/\/luxplast.rs\/\/wp-content\/uploads\/2021\/06\/FB_IMG_1623016901825-1.jpg 1280w, https:\/\/luxplast.rs\/\/wp-content\/uploads\/2021\/06\/FB_IMG_1623016901825-1-300x300.jpg 300w, https:\/\/luxplast.rs\/\/wp-content\/uploads\/2021\/06\/FB_IMG_1623016901825-1-1024x1024.jpg 1024w, https:\/\/luxplast.rs\/\/wp-content\/uploads\/2021\/06\/FB_IMG_1623016901825-1-150x150.jpg 150w, https:\/\/luxplast.rs\/\/wp-content\/uploads\/2021\/06\/FB_IMG_1623016901825-1-768x768.jpg 768w\" sizes=\"(max-width: 1280px) 100vw, 1280px\" \/>\t\t\t\t\t\t\t\t\t\t\t\t\t\t\t<\/div>\n\t\t\t\t<\/div>\n\t\t\t\t\t<\/div>\n\t\t<\/div>\n\t\t\t\t<div class=\"elementor-column elementor-col-50 elementor-top-column elementor-element elementor-element-2357fd75\" data-id=\"2357fd75\" data-element_type=\"column\" data-e-type=\"column\">\n\t\t\t<div class=\"elementor-widget-wrap elementor-element-populated\">\n\t\t\t\t\t\t<div class=\"elementor-element elementor-element-6da915ad elementor-widget elementor-widget-heading\" data-id=\"6da915ad\" data-element_type=\"widget\" data-e-type=\"widget\" data-widget_type=\"heading.default\">\n\t\t\t\t<div class=\"elementor-widget-container\">\n\t\t\t\t\t<h2 class=\"elementor-heading-title elementor-size-default\">Aluminijuska klizna vrata<\/h2>\t\t\t\t<\/div>\n\t\t\t\t<\/div>\n\t\t\t\t<div class=\"elementor-element elementor-element-5b70aba4 elementor-widget-divider--view-line elementor-widget elementor-widget-divider\" data-id=\"5b70aba4\" data-element_type=\"widget\" data-e-type=\"widget\" data-widget_type=\"divider.default\">\n\t\t\t\t<div class=\"elementor-widget-container\">\n\t\t\t\t\t\t\t<div class=\"elementor-divider\">\n\t\t\t<span class=\"elementor-divider-separator\">\n\t\t\t\t\t\t<\/span>\n\t\t<\/div>\n\t\t\t\t\t\t<\/div>\n\t\t\t\t<\/div>\n\t\t\t\t<div class=\"elementor-element elementor-element-3bb5f3fd elementor-widget elementor-widget-text-editor\" data-id=\"3bb5f3fd\" data-element_type=\"widget\" data-e-type=\"widget\" data-widget_type=\"text-editor.default\">\n\t\t\t\t<div class=\"elementor-widget-container\">\n\t\t\t\t\t\t\t\t\t<p><strong>Klizni sistemi<\/strong> se naj\u010de\u0161\u0107e koriste za zastakljivanje terasa i restorana kafea, medjutim primena je vi\u0161estruka tako da se koristi za , unutrasnja vrata, pregradne zidove i sl. Izbor tipologije profila sa ili bez termoprekida zavisi od \u017eeljene zvu\u010dne i termi\u010dke izolacije koja se \u017eeli posti\u0107i me\u0111utim i od prose\u010dnih vremenskih temperatura za podru\u010dije gde se ugradjuje, izlo\u017eenost vetru i sl. Dakle prednosti su mogu\u0107nost poluotvorenog prostora, u\u0161teda prostora, estetika, pristupa\u010dna cena.<\/p>\t\t\t\t\t\t\t\t<\/div>\n\t\t\t\t<\/div>\n\t\t\t\t\t<\/div>\n\t\t<\/div>\n\t\t\t\t\t<\/div>\n\t\t<\/section>\n\t\t\t\t<section class=\"elementor-section elementor-top-section elementor-element elementor-element-5bfc28e1 elementor-section-boxed elementor-section-height-default elementor-section-height-default\" data-id=\"5bfc28e1\" data-element_type=\"section\" data-e-type=\"section\" data-settings=\"{&quot;background_background&quot;:&quot;classic&quot;}\">\n\t\t\t\t\t\t<div class=\"elementor-container elementor-column-gap-default\">\n\t\t\t\t\t<div class=\"elementor-column elementor-col-100 elementor-top-column elementor-element elementor-element-2208709c\" data-id=\"2208709c\" data-element_type=\"column\" data-e-type=\"column\" data-settings=\"{&quot;background_background&quot;:&quot;classic&quot;}\">\n\t\t\t<div class=\"elementor-widget-wrap elementor-element-populated\">\n\t\t\t\t\t\t<div class=\"elementor-element elementor-element-45abb09e elementor-widget elementor-widget-heading\" data-id=\"45abb09e\" data-element_type=\"widget\" data-e-type=\"widget\" data-widget_type=\"heading.default\">\n\t\t\t\t<div class=\"elementor-widget-container\">\n\t\t\t\t\t<h2 class=\"elementor-heading-title elementor-size-default\">ALU profili<\/h2>\t\t\t\t<\/div>\n\t\t\t\t<\/div>\n\t\t\t\t<div class=\"elementor-element elementor-element-40175049 elementor-widget-divider--view-line elementor-widget elementor-widget-divider\" data-id=\"40175049\" data-element_type=\"widget\" data-e-type=\"widget\" data-widget_type=\"divider.default\">\n\t\t\t\t<div class=\"elementor-widget-container\">\n\t\t\t\t\t\t\t<div class=\"elementor-divider\">\n\t\t\t<span class=\"elementor-divider-separator\">\n\t\t\t\t\t\t<\/span>\n\t\t<\/div>\n\t\t\t\t\t\t<\/div>\n\t\t\t\t<\/div>\n\t\t\t\t<div class=\"elementor-element elementor-element-6cf6b0f9 elementor-widget elementor-widget-text-editor\" data-id=\"6cf6b0f9\" data-element_type=\"widget\" data-e-type=\"widget\" data-widget_type=\"text-editor.default\">\n\t\t\t\t<div class=\"elementor-widget-container\">\n\t\t\t\t\t\t\t\t\t<p>Zbog robusne stabilnosti metala, aluminijumska stolarija je posebno pogodna za stalnu upotrebu i velike staklene povr\u0161ine.<\/p>\t\t\t\t\t\t\t\t<\/div>\n\t\t\t\t<\/div>\n\t\t\t\t<div class=\"elementor-element elementor-element-53c981f0 anwp-pg-widget-header-style--a elementor-arrows-position-outside anwp-pg-post-teaser__post-icon--size-16 elementor-pagination-position-outside elementor-widget elementor-widget-anwp-pg-simple-slider\" data-id=\"53c981f0\" data-element_type=\"widget\" data-e-type=\"widget\" data-widget_type=\"anwp-pg-simple-slider.default\">\n\t\t\t\t<div class=\"elementor-widget-container\">\n\t\t\t\t\t<div class=\"anwp-pg-wrap\">\n\n\t\n\t<!-- Slider main container -->\n\t<div\n\t\tclass=\"anwp-pg-simple-slider anwp-pg-swiper-wrapper position-relative swiper swiper-container anwp-pg-no-transform\"\n\t\tdata-pg-slides-per-view=\"4\"\n\t\tdata-pg-slides-per-view-mobile=\"1\"\n\t\tdata-pg-slides-per-view-tablet=\"2\"\n\t\tdata-pg-slides-per-group=\"1\"\n\t\tdata-pg-slides-per-group-mobile=\"1\"\n\t\tdata-pg-slides-per-group-tablet=\"1\"\n\t\tdata-pg-autoplay=\"yes\"\n\t\tdata-pg-autoplay-delay=\"5000\"\n\t\tdata-pg-space-between=\"20\"\n\t\tdata-pg-effect=\"slide\"\n\t\tdata-pg-enable-observer=\"no\"\n\t\tdata-pg-loop=\"no\"\n\t\tdir=\"ltr\"\n\t>\n\t\t<!-- Additional required wrapper -->\n\t\t<div class=\"swiper-wrapper\">\n\t\t\t<!-- Slides -->\n\t\t\t<div class=\"anwp-pg-post-teaser anwp-pg-post-teaser--layout-a swiper-slide\">\n\t<div class=\"anwp-pg-post-teaser__thumbnail position-relative\">\n\n\t\t\n\t\t\t\t\t<img loading=\"lazy\" class=\"anwp-pg-post-teaser__thumbnail-img d-block anwp-pg-height-280 anwp-object-cover m-0 w-100\"\n\t\t\t\talt=\"ALUMINCO w450\"\n\t\t\t\tsrc=\"https:\/\/luxplast.rs\/\/wp-content\/uploads\/2021\/05\/aluminco-profili-w450.jpg\" \/>\n\t\t\n\t\t<div class=\"anwp-pg-post-teaser__muted_bg\"><\/div>\n\t\t<div class=\"anwp-pg-post-teaser__thumbnail-bg anwp-position-cover\"><\/div>\n\n\t\t<div class=\"anwp-pg-post-teaser__content d-flex flex-column anwp-position-cover\">\n\t\t\t<div class=\"anwp-pg-post-teaser__top-meta d-flex mb-2\">\n\t\t\t\t\t\t\t<\/div>\n\n\t\t\t\n\t\t\t<div class=\"anwp-pg-post-teaser__title anwp-font-heading mt-auto mb-1\">\n\t\t\t\tALUMINCO w450\t\t\t<\/div>\n\n\t\t\t\t\t\t\t<div class=\"mb-2\"><\/div>\n\t\t\t\t\t<\/div>\n\n\t\t<a class=\"anwp-position-cover anwp-link-without-effects\" href=\"https:\/\/luxplast.rs\/en\/aluminco-w450\/\" aria-hidden=\"true\" ><\/a>\n\t<\/div>\n<\/div>\n<div class=\"anwp-pg-post-teaser anwp-pg-post-teaser--layout-a swiper-slide\">\n\t<div class=\"anwp-pg-post-teaser__thumbnail position-relative\">\n\n\t\t\n\t\t\t\t\t<img loading=\"lazy\" class=\"anwp-pg-post-teaser__thumbnail-img d-block anwp-pg-height-280 anwp-object-cover m-0 w-100\"\n\t\t\t\talt=\"SUPERIAL 800i+\"\n\t\t\t\tsrc=\"https:\/\/luxplast.rs\/\/wp-content\/uploads\/2021\/04\/ali-plast-superial-800i.jpg\" \/>\n\t\t\n\t\t<div class=\"anwp-pg-post-teaser__muted_bg\"><\/div>\n\t\t<div class=\"anwp-pg-post-teaser__thumbnail-bg anwp-position-cover\"><\/div>\n\n\t\t<div class=\"anwp-pg-post-teaser__content d-flex flex-column anwp-position-cover\">\n\t\t\t<div class=\"anwp-pg-post-teaser__top-meta d-flex mb-2\">\n\t\t\t\t\t\t\t<\/div>\n\n\t\t\t\n\t\t\t<div class=\"anwp-pg-post-teaser__title anwp-font-heading mt-auto mb-1\">\n\t\t\t\tSUPERIAL 800i+\t\t\t<\/div>\n\n\t\t\t\t\t\t\t<div class=\"mb-2\"><\/div>\n\t\t\t\t\t<\/div>\n\n\t\t<a class=\"anwp-position-cover anwp-link-without-effects\" href=\"https:\/\/luxplast.rs\/en\/superial-800i\/\" aria-hidden=\"true\" ><\/a>\n\t<\/div>\n<\/div>\n<div class=\"anwp-pg-post-teaser anwp-pg-post-teaser--layout-a swiper-slide\">\n\t<div class=\"anwp-pg-post-teaser__thumbnail position-relative\">\n\n\t\t\n\t\t\t\t\t<img loading=\"lazy\" class=\"anwp-pg-post-teaser__thumbnail-img d-block anwp-pg-height-280 anwp-object-cover m-0 w-100\"\n\t\t\t\talt=\"ALUMINCO w4750\"\n\t\t\t\tsrc=\"https:\/\/luxplast.rs\/\/wp-content\/uploads\/2021\/04\/aluminco-w4750.jpg\" \/>\n\t\t\n\t\t<div class=\"anwp-pg-post-teaser__muted_bg\"><\/div>\n\t\t<div class=\"anwp-pg-post-teaser__thumbnail-bg anwp-position-cover\"><\/div>\n\n\t\t<div class=\"anwp-pg-post-teaser__content d-flex flex-column anwp-position-cover\">\n\t\t\t<div class=\"anwp-pg-post-teaser__top-meta d-flex mb-2\">\n\t\t\t\t\t\t\t<\/div>\n\n\t\t\t\n\t\t\t<div class=\"anwp-pg-post-teaser__title anwp-font-heading mt-auto mb-1\">\n\t\t\t\tALUMINCO w4750\t\t\t<\/div>\n\n\t\t\t\t\t\t\t<div class=\"mb-2\"><\/div>\n\t\t\t\t\t<\/div>\n\n\t\t<a class=\"anwp-position-cover anwp-link-without-effects\" href=\"https:\/\/luxplast.rs\/en\/aluminco-w4750\/\" aria-hidden=\"true\" ><\/a>\n\t<\/div>\n<\/div>\n<div class=\"anwp-pg-post-teaser anwp-pg-post-teaser--layout-a swiper-slide\">\n\t<div class=\"anwp-pg-post-teaser__thumbnail position-relative\">\n\n\t\t\n\t\t\t\t\t<img loading=\"lazy\" class=\"anwp-pg-post-teaser__thumbnail-img d-block anwp-pg-height-280 anwp-object-cover m-0 w-100\"\n\t\t\t\talt=\"Alumil M11000 Alutherm Plus\"\n\t\t\t\tsrc=\"https:\/\/luxplast.rs\/\/wp-content\/uploads\/2021\/04\/alumil-profili.jpg\" \/>\n\t\t\n\t\t<div class=\"anwp-pg-post-teaser__muted_bg\"><\/div>\n\t\t<div class=\"anwp-pg-post-teaser__thumbnail-bg anwp-position-cover\"><\/div>\n\n\t\t<div class=\"anwp-pg-post-teaser__content d-flex flex-column anwp-position-cover\">\n\t\t\t<div class=\"anwp-pg-post-teaser__top-meta d-flex mb-2\">\n\t\t\t\t\t\t\t<\/div>\n\n\t\t\t\n\t\t\t<div class=\"anwp-pg-post-teaser__title anwp-font-heading mt-auto mb-1\">\n\t\t\t\tAlumil M11000 Alutherm Plus\t\t\t<\/div>\n\n\t\t\t\t\t\t\t<div class=\"mb-2\"><\/div>\n\t\t\t\t\t<\/div>\n\n\t\t<a class=\"anwp-position-cover anwp-link-without-effects\" href=\"https:\/\/luxplast.rs\/en\/alumil-m11000-alutherm-plus\/\" aria-hidden=\"true\" ><\/a>\n\t<\/div>\n<\/div>\n<div class=\"anwp-pg-post-teaser anwp-pg-post-teaser--layout-a swiper-slide\">\n\t<div class=\"anwp-pg-post-teaser__thumbnail position-relative\">\n\n\t\t\n\t\t\t\t\t<img loading=\"lazy\" class=\"anwp-pg-post-teaser__thumbnail-img d-block anwp-pg-height-280 anwp-object-cover m-0 w-100\"\n\t\t\t\talt=\"Sch\u00fcco AWS 70.HI\"\n\t\t\t\tsrc=\"https:\/\/luxplast.rs\/\/wp-content\/uploads\/2021\/04\/schuco-alu-profili.jpg\" \/>\n\t\t\n\t\t<div class=\"anwp-pg-post-teaser__muted_bg\"><\/div>\n\t\t<div class=\"anwp-pg-post-teaser__thumbnail-bg anwp-position-cover\"><\/div>\n\n\t\t<div class=\"anwp-pg-post-teaser__content d-flex flex-column anwp-position-cover\">\n\t\t\t<div class=\"anwp-pg-post-teaser__top-meta d-flex mb-2\">\n\t\t\t\t\t\t\t<\/div>\n\n\t\t\t\n\t\t\t<div class=\"anwp-pg-post-teaser__title anwp-font-heading mt-auto mb-1\">\n\t\t\t\tSch\u00fcco AWS 70.HI\t\t\t<\/div>\n\n\t\t\t\t\t\t\t<div class=\"mb-2\"><\/div>\n\t\t\t\t\t<\/div>\n\n\t\t<a class=\"anwp-position-cover anwp-link-without-effects\" href=\"https:\/\/luxplast.rs\/en\/schuco-aws-70-hi\/\" aria-hidden=\"true\" ><\/a>\n\t<\/div>\n<\/div>\n\t\t<\/div>\n\n\t\t\t\t\t\t\t\t\t<div class=\"swiper-pagination\"><\/div>\n\t\t\t\t\t\t\t\t\t\t<div class=\"elementor-swiper-button elementor-swiper-button-prev\">\n\t\t\t\t\t<svg class=\"anwp-pg-icon anwp-pg-icon--feather anwp-pg-icon--s28\">\n\t\t\t\t\t\t<use xlink:href=\"#icon-anwp-pg-chevron-left\"><\/use>\n\t\t\t\t\t<\/svg>\n\t\t\t\t\t<span class=\"elementor-screen-only\">Previous<\/span>\n\t\t\t\t<\/div>\n\t\t\t\t<div class=\"elementor-swiper-button elementor-swiper-button-next\">\n\t\t\t\t\t<svg class=\"anwp-pg-icon anwp-pg-icon--feather anwp-pg-icon--s28\">\n\t\t\t\t\t\t<use xlink:href=\"#icon-anwp-pg-chevron-right\"><\/use>\n\t\t\t\t\t<\/svg>\n\t\t\t\t\t<span class=\"elementor-screen-only\">Next<\/span>\n\t\t\t\t<\/div>\n\t\t\t\t\t\t<\/div>\n<\/div>\n\t\t\t\t<\/div>\n\t\t\t\t<\/div>\n\t\t\t\t\t<\/div>\n\t\t<\/div>\n\t\t\t\t\t<\/div>\n\t\t<\/section>\n\t\t\t\t<section class=\"elementor-section elementor-top-section elementor-element elementor-element-af2ef87 elementor-section-boxed elementor-section-height-default elementor-section-height-default\" data-id=\"af2ef87\" data-element_type=\"section\" data-e-type=\"section\">\n\t\t\t\t\t\t<div class=\"elementor-container elementor-column-gap-default\">\n\t\t\t\t\t<div class=\"elementor-column elementor-col-100 elementor-top-column elementor-element elementor-element-7cfa275\" data-id=\"7cfa275\" data-element_type=\"column\" data-e-type=\"column\">\n\t\t\t<div class=\"elementor-widget-wrap elementor-element-populated\">\n\t\t\t\t\t\t<div class=\"elementor-element elementor-element-8b8ebf7 elementor-widget elementor-widget-image-gallery\" data-id=\"8b8ebf7\" data-element_type=\"widget\" data-e-type=\"widget\" data-widget_type=\"image-gallery.default\">\n\t\t\t\t<div class=\"elementor-widget-container\">\n\t\t\t\t\t\t\t<div class=\"elementor-image-gallery\">\n\t\t\t<div id='gallery-1' class='gallery galleryid-2794 gallery-columns-4 gallery-size-medium'><figure class='gallery-item'>\n\t\t\t<div class='gallery-icon landscape'>\n\t\t\t\t<a data-elementor-open-lightbox=\"yes\" data-elementor-lightbox-slideshow=\"8b8ebf7\" data-elementor-lightbox-title=\"FB_IMG_1623016901825\" data-e-action-hash=\"#elementor-action%3Aaction%3Dlightbox%26settings%3DeyJpZCI6MjgyNiwidXJsIjoiaHR0cHM6XC9cL2x1eHBsYXN0LnJzXC9cL3dwLWNvbnRlbnRcL3VwbG9hZHNcLzIwMjFcLzA2XC9GQl9JTUdfMTYyMzAxNjkwMTgyNS5qcGciLCJzbGlkZXNob3ciOiI4YjhlYmY3In0%3D\" href='https:\/\/luxplast.rs\/\/wp-content\/uploads\/2021\/06\/FB_IMG_1623016901825.jpg'><img decoding=\"async\" width=\"300\" height=\"300\" src=\"https:\/\/luxplast.rs\/\/wp-content\/uploads\/2021\/06\/FB_IMG_1623016901825-300x300.jpg\" class=\"attachment-medium size-medium\" alt=\"\" srcset=\"https:\/\/luxplast.rs\/\/wp-content\/uploads\/2021\/06\/FB_IMG_1623016901825-300x300.jpg 300w, https:\/\/luxplast.rs\/\/wp-content\/uploads\/2021\/06\/FB_IMG_1623016901825-1024x1024.jpg 1024w, https:\/\/luxplast.rs\/\/wp-content\/uploads\/2021\/06\/FB_IMG_1623016901825-150x150.jpg 150w, https:\/\/luxplast.rs\/\/wp-content\/uploads\/2021\/06\/FB_IMG_1623016901825-768x768.jpg 768w, https:\/\/luxplast.rs\/\/wp-content\/uploads\/2021\/06\/FB_IMG_1623016901825.jpg 1280w\" sizes=\"(max-width: 300px) 100vw, 300px\" \/><\/a>\n\t\t\t<\/div><\/figure>\n\t\t<\/div>\n\t\t<\/div>\n\t\t\t\t\t\t<\/div>\n\t\t\t\t<\/div>\n\t\t\t\t\t<\/div>\n\t\t<\/div>\n\t\t\t\t\t<\/div>\n\t\t<\/section>\n\t\t\t\t<\/div>","protected":false},"excerpt":{"rendered":"<p>ALU klizna vrata Aluminijuska klizna vrata Klizni sistemi se naj\u010de\u0161\u0107e koriste za zastakljivanje terasa i restorana kafea, medjutim primena je vi\u0161estruka tako da se koristi za , unutrasnja vrata, pregradne zidove i sl. Izbor tipologije profila sa ili bez termoprekida zavisi od \u017eeljene zvu\u010dne i termi\u010dke izolacije koja se \u017eeli posti\u0107i me\u0111utim i od prose\u010dnih [&hellip;]<\/p>\n","protected":false},"author":1,"featured_media":0,"parent":0,"menu_order":0,"comment_status":"closed","ping_status":"closed","template":"","meta":{"site-sidebar-layout":"no-sidebar","site-content-layout":"page-builder","ast-site-content-layout":"default","site-content-style":"default","site-sidebar-style":"default","ast-global-header-display":"","ast-banner-title-visibility":"","ast-main-header-display":"","ast-hfb-above-header-display":"","ast-hfb-below-header-display":"","ast-hfb-mobile-header-display":"","site-post-title":"disabled","ast-breadcrumbs-content":"","ast-featured-img":"disabled","footer-sml-layout":"","ast-disable-related-posts":"","theme-transparent-header-meta":"disabled","adv-header-id-meta":"","stick-header-meta":"","header-above-stick-meta":"","header-main-stick-meta":"","header-below-stick-meta":"","astra-migrate-meta-layouts":"default","ast-page-background-enabled":"default","ast-page-background-meta":{"desktop":{"background-color":"","background-image":"","background-repeat":"repeat","background-position":"center center","background-size":"auto","background-attachment":"scroll","background-type":"","background-media":"","overlay-type":"","overlay-color":"","overlay-opacity":"","overlay-gradient":""},"tablet":{"background-color":"","background-image":"","background-repeat":"repeat","background-position":"center center","background-size":"auto","background-attachment":"scroll","background-type":"","background-media":"","overlay-type":"","overlay-color":"","overlay-opacity":"","overlay-gradient":""},"mobile":{"background-color":"","background-image":"","background-repeat":"repeat","background-position":"center center","background-size":"auto","background-attachment":"scroll","background-type":"","background-media":"","overlay-type":"","overlay-color":"","overlay-opacity":"","overlay-gradient":""}},"ast-content-background-meta":{"desktop":{"background-color":"var(--ast-global-color-5)","background-image":"","background-repeat":"repeat","background-position":"center center","background-size":"auto","background-attachment":"scroll","background-type":"","background-media":"","overlay-type":"","overlay-color":"","overlay-opacity":"","overlay-gradient":""},"tablet":{"background-color":"var(--ast-global-color-5)","background-image":"","background-repeat":"repeat","background-position":"center center","background-size":"auto","background-attachment":"scroll","background-type":"","background-media":"","overlay-type":"","overlay-color":"","overlay-opacity":"","overlay-gradient":""},"mobile":{"background-color":"var(--ast-global-color-5)","background-image":"","background-repeat":"repeat","background-position":"center center","background-size":"auto","background-attachment":"scroll","background-type":"","background-media":"","overlay-type":"","overlay-color":"","overlay-opacity":"","overlay-gradient":""}},"footnotes":""},"class_list":["post-2794","page","type-page","status-publish","hentry"],"_links":{"self":[{"href":"https:\/\/luxplast.rs\/en\/wp-json\/wp\/v2\/pages\/2794","targetHints":{"allow":["GET"]}}],"collection":[{"href":"https:\/\/luxplast.rs\/en\/wp-json\/wp\/v2\/pages"}],"about":[{"href":"https:\/\/luxplast.rs\/en\/wp-json\/wp\/v2\/types\/page"}],"author":[{"embeddable":true,"href":"https:\/\/luxplast.rs\/en\/wp-json\/wp\/v2\/users\/1"}],"replies":[{"embeddable":true,"href":"https:\/\/luxplast.rs\/en\/wp-json\/wp\/v2\/comments?post=2794"}],"version-history":[{"count":7,"href":"https:\/\/luxplast.rs\/en\/wp-json\/wp\/v2\/pages\/2794\/revisions"}],"predecessor-version":[{"id":2831,"href":"https:\/\/luxplast.rs\/en\/wp-json\/wp\/v2\/pages\/2794\/revisions\/2831"}],"wp:attachment":[{"href":"https:\/\/luxplast.rs\/en\/wp-json\/wp\/v2\/media?parent=2794"}],"curies":[{"name":"wp","href":"https:\/\/api.w.org\/{rel}","templated":true}]}}